{"id":1600,"date":"2025-08-04T11:07:10","date_gmt":"2025-08-04T10:07:10","guid":{"rendered":"https:\/\/heikoklenk.de\/?page_id=1600"},"modified":"2025-11-03T14:07:01","modified_gmt":"2025-11-03T13:07:01","slug":"produkte","status":"publish","type":"page","link":"https:\/\/heikoklenk.de\/index.php\/produkte\/","title":{"rendered":"Produkte"},"content":{"rendered":"\t\t<div data-elementor-type=\"wp-page\" data-elementor-id=\"1600\" class=\"elementor elementor-1600\" data-elementor-post-type=\"page\">\n\t\t\t\t<div class=\"elementor-element elementor-element-1e4bb28 e-con-full e-flex e-con e-parent\" data-id=\"1e4bb28\" data-element_type=\"container\" data-settings=\"{&quot;background_background&quot;:&quot;classic&quot;}\">\n\t\t\t\t<div class=\"elementor-element elementor-element-a60f44c elementor-widget elementor-widget-heading\" data-id=\"a60f44c\" data-element_type=\"widget\" data-widget_type=\"heading.default\">\n\t\t\t\t<div class=\"elementor-widget-container\">\n\t\t\t\t\t<h1 class=\"elementor-heading-title elementor-size-default\">PRODUKTE<\/h1>\t\t\t\t<\/div>\n\t\t\t\t<\/div>\n\t\t\t\t<\/div>\n\t\t<div class=\"elementor-element elementor-element-6d187a3 e-flex e-con-boxed e-con e-parent\" data-id=\"6d187a3\" data-element_type=\"container\" data-settings=\"{&quot;background_background&quot;:&quot;classic&quot;}\">\n\t\t\t\t\t<div class=\"e-con-inner\">\n\t\t\t\t<div class=\"elementor-element elementor-element-7250500 elementor-invisible elementor-widget elementor-widget-heading\" data-id=\"7250500\" data-element_type=\"widget\" data-settings=\"{&quot;_animation&quot;:&quot;fadeInLeft&quot;}\" data-widget_type=\"heading.default\">\n\t\t\t\t<div class=\"elementor-widget-container\">\n\t\t\t\t\t<h2 class=\"elementor-heading-title elementor-size-default\">Strahlendes Haar beginnt hier<\/h2>\t\t\t\t<\/div>\n\t\t\t\t<\/div>\n\t\t\t\t<div class=\"elementor-element elementor-element-d66a1f6 elementor-invisible elementor-widget elementor-widget-text-editor\" data-id=\"d66a1f6\" data-element_type=\"widget\" data-settings=\"{&quot;_animation&quot;:&quot;fadeInLeft&quot;}\" data-widget_type=\"text-editor.default\">\n\t\t\t\t<div class=\"elementor-widget-container\">\n\t\t\t\t\t\t\t\t\t<h3>Erlebe die Kraft von Kerastase \u2013 professionelle Pflege, die dein Haar zum Strahlen bringt. F\u00fcr jeden Haartyp die perfekte L\u00f6sung. Nat\u00fcrlich beraten wir auch gerne pers\u00f6nlich vor Ort bei uns im Salon!<\/h3>\t\t\t\t\t\t\t\t<\/div>\n\t\t\t\t<\/div>\n\t\t\t\t\t<\/div>\n\t\t\t\t<\/div>\n\t\t<div class=\"elementor-element elementor-element-ff649f4 e-flex e-con-boxed e-con e-parent\" data-id=\"ff649f4\" data-element_type=\"container\">\n\t\t\t\t\t<div class=\"e-con-inner\">\n\t\t\t\t<div class=\"elementor-element elementor-element-e2014ef elementor-grid-3 elementor-grid-tablet-2 elementor-grid-mobile-1 elementor-widget elementor-widget-loop-grid\" data-id=\"e2014ef\" data-element_type=\"widget\" data-settings=\"{&quot;template_id&quot;:1726,&quot;columns&quot;:3,&quot;row_gap&quot;:{&quot;unit&quot;:&quot;px&quot;,&quot;size&quot;:24,&quot;sizes&quot;:[]},&quot;_skin&quot;:&quot;post&quot;,&quot;columns_tablet&quot;:&quot;2&quot;,&quot;columns_mobile&quot;:&quot;1&quot;,&quot;edit_handle_selector&quot;:&quot;[data-elementor-type=\\&quot;loop-item\\&quot;]&quot;,&quot;row_gap_tablet&quot;:{&quot;unit&quot;:&quot;px&quot;,&quot;size&quot;:&quot;&quot;,&quot;sizes&quot;:[]},&quot;row_gap_mobile&quot;:{&quot;unit&quot;:&quot;px&quot;,&quot;size&quot;:&quot;&quot;,&quot;sizes&quot;:[]}}\" data-widget_type=\"loop-grid.post\">\n\t\t\t\t<div class=\"elementor-widget-container\">\n\t\t\t\t\t\t\t<div class=\"elementor-loop-container elementor-grid\" role=\"list\">\n\t\t<style id=\"loop-1726\">.elementor-1726 .elementor-element.elementor-element-0c58be9{--display:flex;--flex-direction:column;--container-widget-width:100%;--container-widget-height:initial;--container-widget-flex-grow:0;--container-widget-align-self:initial;--flex-wrap-mobile:wrap;border-style:solid;--border-style:solid;border-width:2px 2px 2px 2px;--border-top-width:2px;--border-right-width:2px;--border-bottom-width:2px;--border-left-width:2px;border-color:#222326;--border-color:#222326;--border-radius:8px 8px 8px 8px;--margin-top:0px;--margin-bottom:0px;--margin-left:0px;--margin-right:0px;--padding-top:0px;--padding-bottom:0px;--padding-left:0px;--padding-right:0px;}.elementor-1726 .elementor-element.elementor-element-0c58be9:not(.elementor-motion-effects-element-type-background), .elementor-1726 .elementor-element.elementor-element-0c58be9 > .elementor-motion-effects-container > .elementor-motion-effects-layer{background-color:#222326;}.elementor-widget-image .widget-image-caption{color:var( --e-global-color-text );font-family:var( --e-global-typography-text-font-family ), Sans-serif;font-weight:var( --e-global-typography-text-font-weight );}.elementor-1726 .elementor-element.elementor-element-da432de{--display:flex;--padding-top:20px;--padding-bottom:20px;--padding-left:20px;--padding-right:20px;}.elementor-1726 .elementor-element.elementor-element-da432de:not(.elementor-motion-effects-element-type-background), .elementor-1726 .elementor-element.elementor-element-da432de > .elementor-motion-effects-container > .elementor-motion-effects-layer{background-color:#222326;}.elementor-widget-heading .elementor-heading-title{font-family:var( --e-global-typography-primary-font-family ), Sans-serif;font-weight:var( --e-global-typography-primary-font-weight );color:var( --e-global-color-primary );}.elementor-1726 .elementor-element.elementor-element-1167b1d .elementor-heading-title{color:var( --e-global-color-astglobalcolor4 );}.elementor-widget-text-editor{font-family:var( --e-global-typography-text-font-family ), Sans-serif;font-weight:var( --e-global-typography-text-font-weight );color:var( --e-global-color-text );}.elementor-widget-text-editor.elementor-drop-cap-view-stacked .elementor-drop-cap{background-color:var( --e-global-color-primary );}.elementor-widget-text-editor.elementor-drop-cap-view-framed .elementor-drop-cap, .elementor-widget-text-editor.elementor-drop-cap-view-default .elementor-drop-cap{color:var( --e-global-color-primary );border-color:var( --e-global-color-primary );}.elementor-1726 .elementor-element.elementor-element-ef2b994{color:#E6E6E6;}<\/style>\t\t<div data-elementor-type=\"loop-item\" data-elementor-id=\"1726\" class=\"elementor elementor-1726 e-loop-item e-loop-item-1789 post-1789 produkte type-produkte status-publish hentry\" data-elementor-post-type=\"elementor_library\" data-custom-edit-handle=\"1\">\n\t\t\t<div class=\"elementor-element elementor-element-0c58be9 e-flex e-con-boxed e-con e-parent\" data-id=\"0c58be9\" data-element_type=\"container\" data-settings=\"{&quot;background_background&quot;:&quot;classic&quot;}\">\n\t\t\t\t\t<div class=\"e-con-inner\">\n\t\t\t\t<div class=\"elementor-element elementor-element-5a0e323 elementor-widget elementor-widget-image\" data-id=\"5a0e323\" data-element_type=\"widget\" data-widget_type=\"image.default\">\n\t\t\t\t<div class=\"elementor-widget-container\">\n\t\t\t\t\t\t\t\t\t\t\t\t\t\t\t<img decoding=\"async\" src=\"https:\/\/heikoklenk.de\/wp-content\/uploads\/2025\/11\/3474637195809\u200b_0.jpg\" title=\"\" alt=\"\" loading=\"lazy\" \/>\t\t\t\t\t\t\t\t\t\t\t\t\t\t\t<\/div>\n\t\t\t\t<\/div>\n\t\t<div class=\"elementor-element elementor-element-da432de e-con-full e-flex e-con e-child\" data-id=\"da432de\" data-element_type=\"container\" data-settings=\"{&quot;background_background&quot;:&quot;classic&quot;}\">\n\t\t\t\t<div class=\"elementor-element elementor-element-1167b1d elementor-widget elementor-widget-heading\" data-id=\"1167b1d\" data-element_type=\"widget\" data-widget_type=\"heading.default\">\n\t\t\t\t<div class=\"elementor-widget-container\">\n\t\t\t\t\t<h2 class=\"elementor-heading-title elementor-size-default\">K\u00e9rastase Premi\u00e8re - Reparatur &amp; St\u00e4rke f\u00fcr stark gesch\u00e4digtes Haar<\/h2>\t\t\t\t<\/div>\n\t\t\t\t<\/div>\n\t\t\t\t<div class=\"elementor-element elementor-element-ef2b994 elementor-widget elementor-widget-text-editor\" data-id=\"ef2b994\" data-element_type=\"widget\" data-widget_type=\"text-editor.default\">\n\t\t\t\t<div class=\"elementor-widget-container\">\n\t\t\t\t\t\t\t\t\t<p>Bei Heiko Klenk Haare &amp; Kosmetik ist Premiere<br \/>\ndie erste Wahl, wenn das Haar stark strapaziert,<br \/>\nbr\u00fcchig oder kraftlos ist und eine tiefenwirksame<br \/>\nReparatur braucht.<\/p>\n<p>Wirkstoffe &amp; Vorteile:<br \/>\n\u00b7 Citronens\u00e4ure &amp; Glycin: Entfernen sch\u00e4dliche<br \/>\nKalziumablagerungen und reparieren die<br \/>\nHaarstruktur.<br \/>\n\u00b7 Peptide: F\u00fcllen L\u00fccken in der Faser auf und<br \/>\nst\u00e4rken das Haar von innen.<br \/>\n. Reparatur &amp; Schutz: Verhindert weiteren<br \/>\nHaarbruch und beugt zuk\u00fcnftigen Sch\u00e4den vor.<br \/>\n. Intensive Pflege: Spendet Feuchtigkeit,<br \/>\nGeschmeidigkeit und neuen Glanz.<\/p>\n<p>Das Ergebnis: Kr\u00e4ftiges, widerstandsf\u00e4higes und<br \/>\ngesund aussehendes Haar, das wieder voller<br \/>\nLeben ist.<\/p>\n\t\t\t\t\t\t\t\t<\/div>\n\t\t\t\t<\/div>\n\t\t\t\t<\/div>\n\t\t\t\t\t<\/div>\n\t\t\t\t<\/div>\n\t\t\t\t<\/div>\n\t\t\t\t<div data-elementor-type=\"loop-item\" data-elementor-id=\"1726\" class=\"elementor elementor-1726 e-loop-item e-loop-item-1787 post-1787 produkte type-produkte status-publish hentry\" data-elementor-post-type=\"elementor_library\" data-custom-edit-handle=\"1\">\n\t\t\t<div class=\"elementor-element elementor-element-0c58be9 e-flex e-con-boxed e-con e-parent\" data-id=\"0c58be9\" data-element_type=\"container\" data-settings=\"{&quot;background_background&quot;:&quot;classic&quot;}\">\n\t\t\t\t\t<div class=\"e-con-inner\">\n\t\t\t\t<div class=\"elementor-element elementor-element-5a0e323 elementor-widget elementor-widget-image\" data-id=\"5a0e323\" data-element_type=\"widget\" data-widget_type=\"image.default\">\n\t\t\t\t<div class=\"elementor-widget-container\">\n\t\t\t\t\t\t\t\t\t\t\t\t\t\t\t<img decoding=\"async\" src=\"https:\/\/heikoklenk.de\/wp-content\/uploads\/2025\/11\/3474636857814_1.jpg\" title=\"\" alt=\"\" loading=\"lazy\" \/>\t\t\t\t\t\t\t\t\t\t\t\t\t\t\t<\/div>\n\t\t\t\t<\/div>\n\t\t<div class=\"elementor-element elementor-element-da432de e-con-full e-flex e-con e-child\" data-id=\"da432de\" data-element_type=\"container\" data-settings=\"{&quot;background_background&quot;:&quot;classic&quot;}\">\n\t\t\t\t<div class=\"elementor-element elementor-element-1167b1d elementor-widget elementor-widget-heading\" data-id=\"1167b1d\" data-element_type=\"widget\" data-widget_type=\"heading.default\">\n\t\t\t\t<div class=\"elementor-widget-container\">\n\t\t\t\t\t<h2 class=\"elementor-heading-title elementor-size-default\">K\u00e9rastase Genesis - St\u00e4rke &amp; Schutz gegen Haarbruch<\/h2>\t\t\t\t<\/div>\n\t\t\t\t<\/div>\n\t\t\t\t<div class=\"elementor-element elementor-element-ef2b994 elementor-widget elementor-widget-text-editor\" data-id=\"ef2b994\" data-element_type=\"widget\" data-widget_type=\"text-editor.default\">\n\t\t\t\t<div class=\"elementor-widget-container\">\n\t\t\t\t\t\t\t\t\t<p>Bei Heiko Klenk Haare &amp; Kosmetik empfehlen<br \/>\nwir Genesis, wenn das Haar zu Haarbruch oder<br \/>\nAusfall durch Schw\u00e4che neigt. Die Serie kombiniert<br \/>\ngezielte Pflege mit Schutz vor allt\u00e4glichen<br \/>\nBelastungen.<\/p>\n<p>Wirkstoffe &amp; Vorteile:<br \/>\n\u00b7 Edelwei\u00df-Zellen: Sch\u00fctzen und st\u00e4rken die<br \/>\nHaarfaser.<br \/>\n. Ingwerwurzel: F\u00f6rdert die Widerstandskraft und<br \/>\nregt die Kopfhaut an.<br \/>\n. Anti-Haarbruch-Technologie: Reduziert<br \/>\nHaarbruch und Spliss sichtbar.<br \/>\n\u00b7 Feuchtigkeit &amp; Glanz: Sorgt f\u00fcr geschmeidiges,<br \/>\ngepflegtes Haar.<\/p>\n<p>Das Ergebnis: Kr\u00e4ftigeres, widerstandsf\u00e4higeres<br \/>\nHaar, das weniger bricht und sichtbar ges\u00fcnder<br \/>\nwirkt.<\/p>\n\t\t\t\t\t\t\t\t<\/div>\n\t\t\t\t<\/div>\n\t\t\t\t<\/div>\n\t\t\t\t\t<\/div>\n\t\t\t\t<\/div>\n\t\t\t\t<\/div>\n\t\t\t\t<div data-elementor-type=\"loop-item\" data-elementor-id=\"1726\" class=\"elementor elementor-1726 e-loop-item e-loop-item-1785 post-1785 produkte type-produkte status-publish hentry\" data-elementor-post-type=\"elementor_library\" data-custom-edit-handle=\"1\">\n\t\t\t<div class=\"elementor-element elementor-element-0c58be9 e-flex e-con-boxed e-con e-parent\" data-id=\"0c58be9\" data-element_type=\"container\" data-settings=\"{&quot;background_background&quot;:&quot;classic&quot;}\">\n\t\t\t\t\t<div class=\"e-con-inner\">\n\t\t\t\t<div class=\"elementor-element elementor-element-5a0e323 elementor-widget elementor-widget-image\" data-id=\"5a0e323\" data-element_type=\"widget\" data-widget_type=\"image.default\">\n\t\t\t\t<div class=\"elementor-widget-container\">\n\t\t\t\t\t\t\t\t\t\t\t\t\t\t\t<img decoding=\"async\" src=\"https:\/\/heikoklenk.de\/wp-content\/uploads\/2025\/11\/3474637283384_0.jpg\" title=\"\" alt=\"\" loading=\"lazy\" \/>\t\t\t\t\t\t\t\t\t\t\t\t\t\t\t<\/div>\n\t\t\t\t<\/div>\n\t\t<div class=\"elementor-element elementor-element-da432de e-con-full e-flex e-con e-child\" data-id=\"da432de\" data-element_type=\"container\" data-settings=\"{&quot;background_background&quot;:&quot;classic&quot;}\">\n\t\t\t\t<div class=\"elementor-element elementor-element-1167b1d elementor-widget elementor-widget-heading\" data-id=\"1167b1d\" data-element_type=\"widget\" data-widget_type=\"heading.default\">\n\t\t\t\t<div class=\"elementor-widget-container\">\n\t\t\t\t\t<h2 class=\"elementor-heading-title elementor-size-default\">Kerastase Gloss Absolu - Intensiver Glanz &amp; Geschmeidigkeit<\/h2>\t\t\t\t<\/div>\n\t\t\t\t<\/div>\n\t\t\t\t<div class=\"elementor-element elementor-element-ef2b994 elementor-widget elementor-widget-text-editor\" data-id=\"ef2b994\" data-element_type=\"widget\" data-widget_type=\"text-editor.default\">\n\t\t\t\t<div class=\"elementor-widget-container\">\n\t\t\t\t\t\t\t\t\t<p>Bei Heiko Klenk Haare &amp; Kosmetik setzen wir auf<br \/>\nGloss Absolu, wenn stumpfes, glanzloses Haar zu<br \/>\nneuem Leben erweckt werden soll.<\/p>\n<p>Wirkstoffe &amp; Vorteile:<br \/>\n\u00b7 Hyalurons\u00e4ure &amp; Glykols\u00e4ure: Gl\u00e4tten die<br \/>\nHaaroberfl\u00e4che und spenden intensive<br \/>\nFeuchtigkeit.<br \/>\n\u00b7 Wildrosen\u00f6l: Pflegt tiefenwirksam, sch\u00fctzt vor<br \/>\nFrizz und verleiht seidigen Glanz.<br \/>\n. Leuchtkraft-Booster: L\u00e4sst das Haar strahlen<br \/>\nwie frisch aus dem Salon.<br \/>\n. Leichte Texturen: F\u00fcr alle Haartypen geeignet,<br \/>\nohne zu beschweren.<\/p>\n<p>Das Ergebnis: Seidig-weiches, gl\u00e4nzendes Haar,<br \/>\ndas gesund aussieht und sich traumhaft anf\u00fchlt.<\/p>\n\t\t\t\t\t\t\t\t<\/div>\n\t\t\t\t<\/div>\n\t\t\t\t<\/div>\n\t\t\t\t\t<\/div>\n\t\t\t\t<\/div>\n\t\t\t\t<\/div>\n\t\t\t\t<div data-elementor-type=\"loop-item\" data-elementor-id=\"1726\" class=\"elementor elementor-1726 e-loop-item e-loop-item-1780 post-1780 produkte type-produkte status-publish hentry\" data-elementor-post-type=\"elementor_library\" data-custom-edit-handle=\"1\">\n\t\t\t<div class=\"elementor-element elementor-element-0c58be9 e-flex e-con-boxed e-con e-parent\" data-id=\"0c58be9\" data-element_type=\"container\" data-settings=\"{&quot;background_background&quot;:&quot;classic&quot;}\">\n\t\t\t\t\t<div class=\"e-con-inner\">\n\t\t\t\t<div class=\"elementor-element elementor-element-5a0e323 elementor-widget elementor-widget-image\" data-id=\"5a0e323\" data-element_type=\"widget\" data-widget_type=\"image.default\">\n\t\t\t\t<div class=\"elementor-widget-container\">\n\t\t\t\t\t\t\t\t\t\t\t\t\t\t\t<img decoding=\"async\" src=\"https:\/\/heikoklenk.de\/wp-content\/uploads\/2025\/11\/3474636968688_1.jpg\" title=\"\" alt=\"\" loading=\"lazy\" \/>\t\t\t\t\t\t\t\t\t\t\t\t\t\t\t<\/div>\n\t\t\t\t<\/div>\n\t\t<div class=\"elementor-element elementor-element-da432de e-con-full e-flex e-con e-child\" data-id=\"da432de\" data-element_type=\"container\" data-settings=\"{&quot;background_background&quot;:&quot;classic&quot;}\">\n\t\t\t\t<div class=\"elementor-element elementor-element-1167b1d elementor-widget elementor-widget-heading\" data-id=\"1167b1d\" data-element_type=\"widget\" data-widget_type=\"heading.default\">\n\t\t\t\t<div class=\"elementor-widget-container\">\n\t\t\t\t\t<h2 class=\"elementor-heading-title elementor-size-default\">K\u00e9rastase Curl Manifesto - Luxuri\u00f6se Pflege f\u00fcr Locken &amp; Wellen<\/h2>\t\t\t\t<\/div>\n\t\t\t\t<\/div>\n\t\t\t\t<div class=\"elementor-element elementor-element-ef2b994 elementor-widget elementor-widget-text-editor\" data-id=\"ef2b994\" data-element_type=\"widget\" data-widget_type=\"text-editor.default\">\n\t\t\t\t<div class=\"elementor-widget-container\">\n\t\t\t\t\t\t\t\t\t<p>Bei Heiko Klenk Haare &amp; Kosmetik geben wir<br \/>\nIhren Locken alles, was sie brauchen, um gesund,<br \/>\ndefiniert und voller Sprungkraft zu sein.<\/p>\n<p>Wirkstoffe &amp; Vorteile:<br \/>\n. Manuka-Honig: Spendet tiefenwirksame<br \/>\nFeuchtigkeit und macht das Haar geschmeidig.<br \/>\n\u00b7 Ceramide: St\u00e4rken die Haarfaser und sch\u00fctzen<br \/>\nvor Haarbruch.<br \/>\n. Pflege &amp; Definition: Sorgt f\u00fcr perfekt geformte,<br \/>\nelastische Locken ohne Frizz.<br \/>\n\u00b7 Vielseitigkeit: F\u00fcr sanfte Wellen bis zu intensiven<br \/>\nLocken geeignet.<\/p>\n<p>Das Ergebnis: gen\u00e4hrte, gl\u00e4nzende und definierte<br \/>\nLocken, die ihre nat\u00fcrliche Sch\u00f6nheit entfalten.<\/p>\n\t\t\t\t\t\t\t\t<\/div>\n\t\t\t\t<\/div>\n\t\t\t\t<\/div>\n\t\t\t\t\t<\/div>\n\t\t\t\t<\/div>\n\t\t\t\t<\/div>\n\t\t\t\t<div data-elementor-type=\"loop-item\" data-elementor-id=\"1726\" class=\"elementor elementor-1726 e-loop-item e-loop-item-1778 post-1778 produkte type-produkte status-publish hentry\" data-elementor-post-type=\"elementor_library\" data-custom-edit-handle=\"1\">\n\t\t\t<div class=\"elementor-element elementor-element-0c58be9 e-flex e-con-boxed e-con e-parent\" data-id=\"0c58be9\" data-element_type=\"container\" data-settings=\"{&quot;background_background&quot;:&quot;classic&quot;}\">\n\t\t\t\t\t<div class=\"e-con-inner\">\n\t\t\t\t<div class=\"elementor-element elementor-element-5a0e323 elementor-widget elementor-widget-image\" data-id=\"5a0e323\" data-element_type=\"widget\" data-widget_type=\"image.default\">\n\t\t\t\t<div class=\"elementor-widget-container\">\n\t\t\t\t\t\t\t\t\t\t\t\t\t\t\t<img decoding=\"async\" src=\"https:\/\/heikoklenk.de\/wp-content\/uploads\/2025\/11\/3474636692170_1.jpg\" title=\"\" alt=\"\" loading=\"lazy\" \/>\t\t\t\t\t\t\t\t\t\t\t\t\t\t\t<\/div>\n\t\t\t\t<\/div>\n\t\t<div class=\"elementor-element elementor-element-da432de e-con-full e-flex e-con e-child\" data-id=\"da432de\" data-element_type=\"container\" data-settings=\"{&quot;background_background&quot;:&quot;classic&quot;}\">\n\t\t\t\t<div class=\"elementor-element elementor-element-1167b1d elementor-widget elementor-widget-heading\" data-id=\"1167b1d\" data-element_type=\"widget\" data-widget_type=\"heading.default\">\n\t\t\t\t<div class=\"elementor-widget-container\">\n\t\t\t\t\t<h2 class=\"elementor-heading-title elementor-size-default\">Kerastase Blond Absolu - Strahlkraft &amp; Schutz f\u00fcr blondes Haar<\/h2>\t\t\t\t<\/div>\n\t\t\t\t<\/div>\n\t\t\t\t<div class=\"elementor-element elementor-element-ef2b994 elementor-widget elementor-widget-text-editor\" data-id=\"ef2b994\" data-element_type=\"widget\" data-widget_type=\"text-editor.default\">\n\t\t\t\t<div class=\"elementor-widget-container\">\n\t\t\t\t\t\t\t\t\t<p>Bei Heiko Klenk Haare &amp; Kosmetik erh\u00e4lt<br \/>\nblondiertes, gestr\u00e4hntes oder aufgehelltes Haar<br \/>\ngenau das, was es braucht:<br \/>\n\u00b7 Hyalurons\u00e4ure f\u00fcr intensive Feuchtigkeit und<br \/>\nElastizit\u00e4t.<br \/>\n\u00b7 Edelwei\u00dfextrakt zum Schutz vor<br \/>\nUmwelteinfl\u00fcssen.<br \/>\n\u00b7 Ultraviolette Pigmente zur Neutralisierung von<br \/>\nGelbstich.<\/p>\n<p>Das Ergebnis: kr\u00e4ftiges, geschmeidiges Haar und<br \/>\nein Blond, das leuchtet &#8211; Tag f\u00fcr Tag.<\/p>\n<p>&nbsp;<\/p>\n\t\t\t\t\t\t\t\t<\/div>\n\t\t\t\t<\/div>\n\t\t\t\t<\/div>\n\t\t\t\t\t<\/div>\n\t\t\t\t<\/div>\n\t\t\t\t<\/div>\n\t\t\t\t<div data-elementor-type=\"loop-item\" data-elementor-id=\"1726\" class=\"elementor elementor-1726 e-loop-item e-loop-item-1723 post-1723 produkte type-produkte status-publish hentry\" data-elementor-post-type=\"elementor_library\" data-custom-edit-handle=\"1\">\n\t\t\t<div class=\"elementor-element elementor-element-0c58be9 e-flex e-con-boxed e-con e-parent\" data-id=\"0c58be9\" data-element_type=\"container\" data-settings=\"{&quot;background_background&quot;:&quot;classic&quot;}\">\n\t\t\t\t\t<div class=\"e-con-inner\">\n\t\t\t\t<div class=\"elementor-element elementor-element-5a0e323 elementor-widget elementor-widget-image\" data-id=\"5a0e323\" data-element_type=\"widget\" data-widget_type=\"image.default\">\n\t\t\t\t<div class=\"elementor-widget-container\">\n\t\t\t\t\t\t\t\t\t\t\t\t\t\t\t<img decoding=\"async\" src=\"https:\/\/heikoklenk.de\/wp-content\/uploads\/2025\/11\/3474630647374_1.jpg\" title=\"\" alt=\"\" loading=\"lazy\" \/>\t\t\t\t\t\t\t\t\t\t\t\t\t\t\t<\/div>\n\t\t\t\t<\/div>\n\t\t<div class=\"elementor-element elementor-element-da432de e-con-full e-flex e-con e-child\" data-id=\"da432de\" data-element_type=\"container\" data-settings=\"{&quot;background_background&quot;:&quot;classic&quot;}\">\n\t\t\t\t<div class=\"elementor-element elementor-element-1167b1d elementor-widget elementor-widget-heading\" data-id=\"1167b1d\" data-element_type=\"widget\" data-widget_type=\"heading.default\">\n\t\t\t\t<div class=\"elementor-widget-container\">\n\t\t\t\t\t<h2 class=\"elementor-heading-title elementor-size-default\">Kerastase Discipline - Geschmeidigkeit &amp; Kontrolle f\u00fcr widerspenstiges Haar<\/h2>\t\t\t\t<\/div>\n\t\t\t\t<\/div>\n\t\t\t\t<div class=\"elementor-element elementor-element-ef2b994 elementor-widget elementor-widget-text-editor\" data-id=\"ef2b994\" data-element_type=\"widget\" data-widget_type=\"text-editor.default\">\n\t\t\t\t<div class=\"elementor-widget-container\">\n\t\t\t\t\t\t\t\t\t<p>Kontrolle f\u00fcr widerspenstiges Haar<br \/>\nBei Heiko Klenk Haare &amp; Kosmetik setzen wir auf<br \/>\nDiscipline, wenn Frizz, Volumen und schwer zu<br \/>\nb\u00e4ndigendes Haar den Alltag erschweren. Diese<br \/>\nSerie gl\u00e4ttet, pflegt und schenkt langanhaltende<br \/>\nKontrolle.<\/p>\n<p>Wirkstoffe &amp; Vorteile:<br \/>\n. Morpha-Keratine M: Gl\u00e4ttet die Haaroberfl\u00e4che<br \/>\nund sorgt f\u00fcr Disziplin im Haar.<br \/>\n. Seidenweiche Textur: Sorgt f\u00fcr Geschmeidigkeit<br \/>\nohne zu beschweren.<br \/>\n. Anti-Frizz-Wirkung: Kontrolliert selbst bei hoher<br \/>\nLuftfeuchtigkeit.<br \/>\n. Hitzeschutz: Sch\u00fctzt das Haar beim Styling mit<br \/>\nF\u00f6hn oder Gl\u00e4tteisen.<\/p>\n<p>Das Ergebnis: Seidig-glattes, leicht frisierbares<br \/>\nHaar, das sich kontrolliert und gepflegt anf\u00fchlt.<\/p>\n\t\t\t\t\t\t\t\t<\/div>\n\t\t\t\t<\/div>\n\t\t\t\t<\/div>\n\t\t\t\t\t<\/div>\n\t\t\t\t<\/div>\n\t\t\t\t<\/div>\n\t\t\t\t<\/div>\n\t\t\n\t\t\t\t\t\t<\/div>\n\t\t\t\t<\/div>\n\t\t\t\t\t<\/div>\n\t\t\t\t<\/div>\n\t\t\t\t<\/div>\n\t\t","protected":false},"excerpt":{"rendered":"<p>PRODUKTE Strahlendes Haar beginnt hier Erlebe die Kraft von Kerastase \u2013 professionelle Pflege, die dein Haar zum Strahlen bringt. F\u00fcr jeden Haartyp die perfekte L\u00f6sung. Nat\u00fcrlich beraten wir auch gerne pers\u00f6nlich vor Ort bei uns im Salon!<\/p>\n","protected":false},"author":1,"featured_media":0,"parent":0,"menu_order":0,"comment_status":"closed","ping_status":"closed","template":"","meta":{"_acf_changed":false,"site-sidebar-layout":"no-sidebar","site-content-layout":"","ast-site-content-layout":"full-width-container","site-content-style":"default","site-sidebar-style":"default","ast-global-header-display":"","ast-banner-title-visibility":"","ast-main-header-display":"","ast-hfb-above-header-display":"","ast-hfb-below-header-display":"","ast-hfb-mobile-header-display":"","site-post-title":"disabled","ast-breadcrumbs-content":"","ast-featured-img":"disabled","footer-sml-layout":"","theme-transparent-header-meta":"","adv-header-id-meta":"","stick-header-meta":"","header-above-stick-meta":"","header-main-stick-meta":"","header-below-stick-meta":"","astra-migrate-meta-layouts":"default","ast-page-background-enabled":"default","ast-page-background-meta":{"desktop":{"background-color":"var(--ast-global-color-5)","background-image":"","background-repeat":"repeat","background-position":"center center","background-size":"auto","background-attachment":"scroll","background-type":"","background-media":"","overlay-type":"","overlay-color":"","overlay-opacity":"","overlay-gradient":""},"tablet":{"background-color":"","background-image":"","background-repeat":"repeat","background-position":"center center","background-size":"auto","background-attachment":"scroll","background-type":"","background-media":"","overlay-type":"","overlay-color":"","overlay-opacity":"","overlay-gradient":""},"mobile":{"background-color":"","background-image":"","background-repeat":"repeat","background-position":"center center","background-size":"auto","background-attachment":"scroll","background-type":"","background-media":"","overlay-type":"","overlay-color":"","overlay-opacity":"","overlay-gradient":""}},"ast-content-background-meta":{"desktop":{"background-color":"var(--ast-global-color-4)","background-image":"","background-repeat":"repeat","background-position":"center center","background-size":"auto","background-attachment":"scroll","background-type":"","background-media":"","overlay-type":"","overlay-color":"","overlay-opacity":"","overlay-gradient":""},"tablet":{"background-color":"var(--ast-global-color-4)","background-image":"","background-repeat":"repeat","background-position":"center center","background-size":"auto","background-attachment":"scroll","background-type":"","background-media":"","overlay-type":"","overlay-color":"","overlay-opacity":"","overlay-gradient":""},"mobile":{"background-color":"var(--ast-global-color-4)","background-image":"","background-repeat":"repeat","background-position":"center center","background-size":"auto","background-attachment":"scroll","background-type":"","background-media":"","overlay-type":"","overlay-color":"","overlay-opacity":"","overlay-gradient":""}},"footnotes":""},"class_list":["post-1600","page","type-page","status-publish","hentry"],"acf":[],"_links":{"self":[{"href":"https:\/\/heikoklenk.de\/index.php\/wp-json\/wp\/v2\/pages\/1600","targetHints":{"allow":["GET"]}}],"collection":[{"href":"https:\/\/heikoklenk.de\/index.php\/wp-json\/wp\/v2\/pages"}],"about":[{"href":"https:\/\/heikoklenk.de\/index.php\/wp-json\/wp\/v2\/types\/page"}],"author":[{"embeddable":true,"href":"https:\/\/heikoklenk.de\/index.php\/wp-json\/wp\/v2\/users\/1"}],"replies":[{"embeddable":true,"href":"https:\/\/heikoklenk.de\/index.php\/wp-json\/wp\/v2\/comments?post=1600"}],"version-history":[{"count":43,"href":"https:\/\/heikoklenk.de\/index.php\/wp-json\/wp\/v2\/pages\/1600\/revisions"}],"predecessor-version":[{"id":1793,"href":"https:\/\/heikoklenk.de\/index.php\/wp-json\/wp\/v2\/pages\/1600\/revisions\/1793"}],"wp:attachment":[{"href":"https:\/\/heikoklenk.de\/index.php\/wp-json\/wp\/v2\/media?parent=1600"}],"curies":[{"name":"wp","href":"https:\/\/api.w.org\/{rel}","templated":true}]}}